{"id":36,"date":"2019-10-20T17:01:59","date_gmt":"2019-10-20T15:01:59","guid":{"rendered":"http:\/\/annawhitlocksgymnasium.se\/whitloggen\/?page_id=36"},"modified":"2019-11-08T17:30:39","modified_gmt":"2019-11-08T16:30:39","slug":"stadgar","status":"publish","type":"page","link":"https:\/\/annawhitlocksgymnasium.se\/whitloggen\/stadgar\/","title":{"rendered":"Stadgar"},"content":{"rendered":"[tdc_zone type=&#8221;tdc_content&#8221;][vc_row][vc_column width=&#8221;2\/3&#8243;][td_block_text_with_title custom_title=&#8221;Stadgar f\u00f6r f\u00f6reningen Whitlogg&#8221;]\n<h3>Antagna p\u00e5 \u00e5rsm\u00f6tet 2018-12-18<\/h3>\n<p><strong>\u00a71 Namn p\u00e5 f\u00f6rening<\/strong><br \/>\nF\u00f6reningens namn \u00e4r Whitlogg.<\/p>\n<p><strong>\u00a72 F\u00f6reningens s\u00e4te<\/strong><br \/>\nF\u00f6reningen har sitt s\u00e4te i Stockholm.<\/p>\n<p><strong>\u00a73 F\u00f6reningens form och oberoende<\/strong><br \/>\nF\u00f6reningen \u00e4r en religi\u00f6st och partipolitiskt obunden ideell f\u00f6rening.<\/p>\n<p><strong>\u00a74 F\u00f6reningens syfte<\/strong><br \/>\nF\u00f6reningens syfte \u00e4r att producera en skoltidning.<\/p>\n<p><strong>\u00a75 R\u00e4kenskaps\u00e5r<\/strong><br \/>\nR\u00e4kenskaps\u00e5ret omfattar tiden mellan den 1 januari till 31 december.<\/p>\n<p><strong>\u00a76 Medlemskap<\/strong><br \/>\nTill medlem kan antas varje person som vill verka f\u00f6r f\u00f6reningens \u00e4ndam\u00e5l och som betalar in eventuell medlemsavgift eller, om medlemskapet \u00e4r gratis, \u00e5rligen g\u00f6r en skriftlig anm\u00e4lan till f\u00f6reningen. En person som inte betalar eller g\u00f6r en skriftlig ans\u00f6kan under ett r\u00e4kenskaps\u00e5r r\u00e4knas det \u00e5ret inte som medlem.<\/p>\n<p><strong>\u00a77 Uttr\u00e4de av medlem<\/strong><br \/>\nMedlem som \u00f6nskar att inte l\u00e4ngre vara medlem i f\u00f6reningen ska skriftligen anm\u00e4la detta till styrelsen och anses d\u00e4rmed omedelbart ha l\u00e4mnat f\u00f6reningen. En medlem som under innevarande \u00e5r inte har f\u00f6rnyat sitt medlemskap r\u00e4knas inte heller l\u00e4ngre som medlem.<\/p>\n<p><strong>\u00a78 Uteslutning av medlem<\/strong><br \/>\nMedlem f\u00e5r inte uteslutas ur f\u00f6reningen av annan anledning \u00e4n att den allvarligt skadar<br \/>\nf\u00f6reningen, motarbetar f\u00f6reningens intressen, inte betalar medlemsavgift till f\u00f6reningen eller bryter mot f\u00f6reningens stadgar. Medlem kan tills vidare bli avst\u00e4ngd av styrelsen av anledningar som angetts ovan. Avst\u00e4ngd medlem m\u00e5ste diskuteras under f\u00f6ljande \u00e5rsm\u00f6te. Antingen upph\u00e4vs avst\u00e4ngningen eller s\u00e5 utesluts medlemmen ur f\u00f6reningen.<\/p>\n<p><strong>\u00a79 F\u00f6reningens styrelse<\/strong><br \/>\nEndast f\u00f6reningsmedlem kan utses till styrelseledamot eller ordf\u00f6rande. F\u00f6reningens styrelse ska best\u00e5 av ordf\u00f6rande samt minst tv\u00e5 och h\u00f6gst \u00e5tta \u00f6vriga ledam\u00f6ter. Styrelsens ordf\u00f6rande och \u00f6vriga ledam\u00f6ter v\u00e4ljs av \u00e5rsm\u00f6tet f\u00f6r tiden fr\u00e5n ordinarie \u00e5rsm\u00f6te till slutet av det ordinarie \u00e5rsm\u00f6tet som h\u00e5lls ett \u00e5r d\u00e4refter. Styrelsen ansvarar f\u00f6r f\u00f6reningens medlemslista,<br \/>\nbidragsans\u00f6kningar, medlemsv\u00e4rvning, beslut som tas p\u00e5 \u00e5rsm\u00f6ten och \u00f6vrig verksamhet. En styrelseledamot kan inte samtidigt ha posten som revisor eller valberedare.<\/p>\n<p><strong>\u00a710 Firmatecknare<\/strong><br \/>\nF\u00f6reningens firma tecknas av den ledamot\/de ledam\u00f6ter styrelsen beslutar om.<\/p>\n<p><strong>\u00a711 Ordinarie \u00e5rsm\u00f6te<\/strong><br \/>\n\u00c5rsm\u00f6te ska h\u00e5llas \u00e5rligen senast fem m\u00e5nader efter r\u00e4kenskaps\u00e5rets slut, allts\u00e5 senast den 30 maj.<\/p>\n<p>Styrelsen beslutar vilken tid och p\u00e5 vilken plats \u00e5rsm\u00f6tet ska h\u00e5llas. Kallelse till \u00e5rsm\u00f6te ska utf\u00e4rdas av styrelsen senast tv\u00e5 veckor f\u00f6re ordinarie \u00e5rsm\u00f6te f\u00f6r att vara beh\u00f6rigt.<\/p>\n<p><strong>P\u00e5 ordinarie \u00e5rsm\u00f6te skall f\u00f6ljande fr\u00e5gor behandlas:<\/strong><br \/>\n1. M\u00f6tets \u00f6ppnande<br \/>\n2. Val av m\u00f6tesordf\u00f6rande<br \/>\n3. Val av m\u00f6tessekreterare<br \/>\n4. Val av m\u00f6tesjusterare som vid behov \u00e4ven \u00e4r r\u00f6str\u00e4knare<br \/>\n5. Godk\u00e4nnande av dagordning<br \/>\n6. Fr\u00e5ga om kallelse till \u00e5rsm\u00f6tet har skett i beh\u00f6rig ordning<br \/>\n7. Fastst\u00e4llande av r\u00f6stl\u00e4ngd<br \/>\n8. Presentation av verksamhetsber\u00e4ttelse f\u00f6r \u00e5ret som g\u00e5tt<br \/>\n9. Presentation av ekonomisk ber\u00e4ttelse f\u00f6r \u00e5ret som g\u00e5tt<br \/>\n10. Fr\u00e5ga om ansvarsfrihet f\u00f6r f\u00f6rra \u00e5rets styrelse<br \/>\n11. \u00c5rets verksamhetsplan<br \/>\n12. \u00c5rets budget och fastst\u00e4llande av medlemsavgift f\u00f6r kommande r\u00e4kenskaps\u00e5r<br \/>\n13. Eventuella propositioner (f\u00f6rslag fr\u00e5n styrelsen) och motioner (f\u00f6rslag fr\u00e5n medlemmar)<br \/>\n14. Val av styrelseordf\u00f6rande och -ledam\u00f6ter<br \/>\n15. \u00d6vriga \u00e4renden<br \/>\n16. M\u00f6tets avslutande<\/p>\n<p><strong>\u00a712 Extra \u00e5rsm\u00f6te<\/strong><br \/>\nExtra \u00e5rsm\u00f6te h\u00e5lls n\u00e4r styrelsen eller eventuell revisor anser att det kr\u00e4vs eller d\u00e5 minst en fj\u00e4rdedel av f\u00f6reningens medlemmar kr\u00e4ver det. Den som kr\u00e4vt extrainsatt \u00e5rsm\u00f6te har m\u00f6jlighet att sk\u00f6ta kallelsen. F\u00f6r att vara beh\u00f6rigt m\u00e5ste f\u00f6reningens medlemmar meddelas minst tv\u00e5 veckor i f\u00f6rv\u00e4g. P\u00e5 extra \u00e5rsm\u00f6te kan bara de \u00e4renden som n\u00e4mnts i kallelsen behandlas.<\/p>\n<p><strong>\u00a713 R\u00f6str\u00e4tt<\/strong><br \/>\nVid \u00e5rsm\u00f6te \u00e4ger varje n\u00e4rvarande medlem en r\u00f6st. P\u00e5 styrelsem\u00f6ten har endast n\u00e4rvarande ur styrelsen r\u00f6str\u00e4tt, ej g\u00e4ster eller andra n\u00e4rvarande.<\/p>\n<p><strong>\u00a714 \u00c4ndring av stadgar<\/strong><br \/>\n\u00c4ndring av dessa stadgar kan endast g\u00f6ras p\u00e5 \u00e5rsm\u00f6te eller extra \u00e5rsm\u00f6te. F\u00f6r att stadge\u00e4ndring skall kunna ske m\u00e5ste det ha angivits i kallelsen till \u00e5rsm\u00f6tet eller det extra \u00e5rsm\u00f6tet att fr\u00e5ga om stadge\u00e4ndring kommer att behandlas. Fr\u00e5ga om \u00e4ndring av stadgarna m\u00e5ste godk\u00e4nnas av minst tv\u00e5 tredjedelar av de r\u00f6stber\u00e4ttigade p\u00e5 \u00e5rsm\u00f6tet f\u00f6r att anses vara giltig.<\/p>\n<p><strong>\u00a715 Uppl\u00f6sning<\/strong><br \/>\nF\u00f6rslag om f\u00f6reningens uppl\u00f6sning f\u00e5r endast framl\u00e4ggas p\u00e5 ordinarie \u00e5rsm\u00f6te. Att uppl\u00f6sning ska behandlas m\u00e5ste framg\u00e5 av kallelsen. Vid \u00e5rsm\u00f6tet m\u00e5ste minst fyra femtedelar av de r\u00f6stber\u00e4ttigade deltagarna r\u00f6sta f\u00f6r en uppl\u00f6sning. F\u00f6reningen kan inte uppl\u00f6sas s\u00e5 l\u00e4nge minst fem medlemmar v\u00e4grar godk\u00e4nna uppl\u00f6sningen. Vid uppl\u00f6sningen skall f\u00f6reningens skulder betalas innan kvarvarande tillg\u00e5ngar f\u00f6rdelas i enlighet med \u00e5rsm\u00f6tets beslut.<\/p>\n[\/td_block_text_with_title][\/vc_column][vc_column width=&#8221;1\/3&#8243;][vc_single_image height=&#8221;130&#8243; size=&#8221;contain&#8221; media_size_image_height=&#8221;302&#8243; media_size_image_width=&#8221;500&#8243; image=&#8221;177&#8243;][\/vc_column][\/vc_row][\/tdc_zone]\n","protected":false},"excerpt":{"rendered":"<div class=\"tmnf_excerpt clearfix\"><p>tdc_zone type=&#8221;tdc_content&#8221;vc_rowvc_column width=&#8221;2\/3&#8243;td_block_text_with_title custom_title=&#8221;Stadgar f\u00f6r f\u00f6reningen Whitlogg&#8221; Antagna p\u00e5 \u00e5rsm\u00f6tet 2018-12-18 \u00a71 Namn p\u00e5 f\u00f6rening F\u00f6reningens namn \u00e4r Whitlogg. \u00a72 F\u00f6reningens s\u00e4te F\u00f6reningen har sitt s\u00e4te i Stockholm. \u00a73 F\u00f6reningens form och oberoende F\u00f6reningen \u00e4r en religi\u00f6st och partipolitiskt obunden ideell f\u00f6rening. \u00a74 F\u00f6reningens syfte F\u00f6reningens syfte \u00e4r att producera en skoltidning. \u00a75 R\u00e4kenskaps\u00e5r R\u00e4kenskaps\u00e5ret &hellip;<\/p>\n<\/div>","protected":false},"author":1,"featured_media":0,"parent":0,"menu_order":0,"comment_status":"closed","ping_status":"closed","template":"","meta":[],"amp_enabled":true,"_links":{"self":[{"href":"https:\/\/annawhitlocksgymnasium.se\/whitloggen\/wp-json\/wp\/v2\/pages\/36"}],"collection":[{"href":"https:\/\/annawhitlocksgymnasium.se\/whitloggen\/wp-json\/wp\/v2\/pages"}],"about":[{"href":"https:\/\/annawhitlocksgymnasium.se\/whitloggen\/wp-json\/wp\/v2\/types\/page"}],"author":[{"embeddable":true,"href":"https:\/\/annawhitlocksgymnasium.se\/whitloggen\/wp-json\/wp\/v2\/users\/1"}],"replies":[{"embeddable":true,"href":"https:\/\/annawhitlocksgymnasium.se\/whitloggen\/wp-json\/wp\/v2\/comments?post=36"}],"version-history":[{"count":0,"href":"https:\/\/annawhitlocksgymnasium.se\/whitloggen\/wp-json\/wp\/v2\/pages\/36\/revisions"}],"wp:attachment":[{"href":"https:\/\/annawhitlocksgymnasium.se\/whitloggen\/wp-json\/wp\/v2\/media?parent=36"}],"curies":[{"name":"wp","href":"https:\/\/api.w.org\/{rel}","templated":true}]}}